{"id":3294,"date":"2021-12-20T07:22:49","date_gmt":"2021-12-20T14:22:49","guid":{"rendered":"https:\/\/lejosdetodo.com\/nuestra-historia\/"},"modified":"2026-02-09T00:27:34","modified_gmt":"2026-02-09T07:27:34","slug":"nuestra-historia","status":"publish","type":"page","link":"https:\/\/lejosdetodo.com\/es\/nuestra-historia\/","title":{"rendered":"Nuestra historia"},"content":{"rendered":"\n<p>Mi amor por Baja Sur empez\u00f3 con un pu\u00f1ado de amigos en motos de cross, explorando las monta\u00f1as de la Sierra Madre y los pueblos a lo largo del Mar de Cort\u00e9s y el Oc\u00e9ano Pac\u00edfico, con una pareja inspiradora que hab\u00eda hecho de Baja su hogar y la hab\u00eda abierto a viajeros y entusiastas de las motos de cross como nosotros. Me sorprendi\u00f3 la belleza de esta regi\u00f3n, la comida incre\u00edblemente fresca, la cultura vibrante y la crudeza de M\u00e9xico que existe a s\u00f3lo 20 minutos de Cabo en cualquier direcci\u00f3n. Me cautiv\u00f3 especialmente la costa de Pescadero-Cerritos y los restaurantes de comida casera que hay pr\u00e1cticamente en cada camino de tierra.<\/p>\n<div class=\"wp-block-image\">\n<figure class=\"alignleft size-full\"><img decoding=\"async\" src=\"data:image\/gif;base64,R0lGODlhAQABAAAAACH5BAEKAAEALAAAAAABAAEAAAICTAEAOw==\" data-layzr=\"https:\/\/lejosdetodo.com\/wp-content\/uploads\/2026\/02\/family.webp\" alt=\"Due&#xF1;o de los lejos con sus padres y su esposa  \" class=\"wp-image-4428\"\/><\/figure>\n<\/div>\n<p>Cuando llegu\u00e9 a casa, le cont\u00e9 a mi mujer Vanessa el viaje y lo mucho que hab\u00eda conectado con el lugar y lo mucho que a ella tambi\u00e9n le encantar\u00eda. Esto nos llev\u00f3 a so\u00f1ar: \u00a1dejemos nuestros trabajos, compremos un terreno en Baja California y hagamos algo! Era finales de febrero de 2020 y el mundo estaba a punto de cambiar en m\u00e1s de un sentido, lo que nos dio mucho tiempo a solas para so\u00f1ar c\u00f3mo ser\u00eda la vida&#8230;<\/p>\n\n<p>As\u00ed que, en febrero de 2021, dej\u00e9 mi trabajo corporativo en el \u00c1rea de la Bah\u00eda y Vanessa convenci\u00f3 a su jefe de que pod\u00eda hacer su trabajo igual de bien desde cualquier lugar. Decidimos hacer un viaje de exploraci\u00f3n durante el mes de marzo y comunicamos nuestros planes a mis padres. Resumiendo, quer\u00edan entrar. Sin propon\u00e9rnoslo, les vendimos un sue\u00f1o que acab\u00f3 convirti\u00e9ndose en realidad, para todos nosotros.<\/p>\n\n<p>Con curiosidad y una mente abierta, empezamos a buscar una propiedad que pudiera funcionar como un complejo familiar &#8211; un lugar para que nuestra familia y amigos nos visitaran, y donde pudi\u00e9ramos hospedar a personas que apreciaran la singularidad de esta zona de Baja California con nosotros. Vanessa y yo hemos viajado mucho por todo el mundo y nos encanta alojarnos en lugares que tengan un sentido de comunidad y calidez, al tiempo que ofrezcan privacidad y tranquilidad. Nos encant\u00f3 la zona de Pescadero-Cerritos, pero despu\u00e9s de s\u00f3lo un a\u00f1o ya pod\u00edamos ver lo r\u00e1pido que se estaba desarrollando la zona. Quer\u00edamos estar cerca de la magia que ofrece esta zona, pero tambi\u00e9n <em>lejos de todo<\/em>. Fuimos muy afortunados de encontrar exactamente lo que busc\u00e1bamos, a solo unos kil\u00f3metros al sur de Cerritos, cerca de un peque\u00f1o pueblo llamado El\u00edas Calles. As\u00ed naci\u00f3 <em>Lejos De Todo<\/em>.<\/p>\n\n<p>Mis padres, Rich y Gail, han continuado con su talento para crear impresionantes espacios de vida, dando a Lejos De Todo una est\u00e9tica \u00fanica que celebra nuestra herencia familiar, as\u00ed como <em>la<\/em><em>m\u00e1jica<\/em> de Baja Sur. Nuestro deseo es darle la bienvenida a una casa de hu\u00e9spedes familiar que se sienta como en casa para usted y su familia y para sus amigos que son familia elegida. Ofrecemos conexi\u00f3n con otros viajeros o aislamiento e intimidad para su grupo, lo que usted elija. De cualquier forma, te alejar\u00e1s del ruido de la ciudad y de los vendedores de la playa y te sumergir\u00e1s en el sonido del oc\u00e9ano y las majestuosas puestas de sol de Baja Sur.<\/p>\n\n<p>Bienvenidos a todos,<br\/>Mario<\/p>\n","protected":false},"excerpt":{"rendered":"<p>Mi amor por Baja Sur empez\u00f3 con un pu\u00f1ado de &hellip; <\/p>\n","protected":false},"author":1,"featured_media":0,"parent":0,"menu_order":0,"comment_status":"closed","ping_status":"closed","template":"","meta":{"_monsterinsights_skip_tracking":false,"_monsterinsights_sitenote_active":false,"_monsterinsights_sitenote_note":"","_monsterinsights_sitenote_category":0,"footnotes":""},"class_list":["post-3294","page","type-page","status-publish","hentry","latest_post"],"yoast_head":"<!-- This site is optimized with the Yoast SEO plugin v27.4 - https:\/\/yoast.com\/product\/yoast-seo-wordpress\/ -->\n<title>Lejos de Todo | Pensi\u00f3ns boutique cerca de Cerritos, Baja Sur<\/title>\n<meta name=\"description\" content=\"Escapa a Lejos De Todo, una pensi\u00f3n boutique familiar cerca de Cerritos, Baja Sur. Disfruta de atardeceres en el mar, comida de la granja a la mesa y un tranquilo aislamiento.\" \/>\n<meta name=\"robots\" content=\"index, follow, max-snippet:-1, max-image-preview:large, max-video-preview:-1\" \/>\n<link rel=\"canonical\" href=\"https:\/\/lejosdetodo.com\/es\/nuestra-historia\/\" \/>\n<meta property=\"og:locale\" content=\"es_ES\" \/>\n<meta property=\"og:type\" content=\"article\" \/>\n<meta property=\"og:title\" content=\"Lejos de Todo | Pensi\u00f3ns boutique cerca de Cerritos, Baja Sur\" \/>\n<meta property=\"og:description\" content=\"Escapa a Lejos De Todo, una pensi\u00f3n boutique familiar cerca de Cerritos, Baja Sur. Disfruta de atardeceres en el mar, comida de la granja a la mesa y un tranquilo aislamiento.\" \/>\n<meta property=\"og:url\" content=\"https:\/\/lejosdetodo.com\/es\/nuestra-historia\/\" \/>\n<meta property=\"og:site_name\" content=\"Lejos De Todo\" \/>\n<meta property=\"article:modified_time\" content=\"2026-02-09T07:27:34+00:00\" \/>\n<meta property=\"og:image\" content=\"https:\/\/lejosdetodo.com\/wp-content\/uploads\/2026\/02\/family.webp\" \/>\n<meta name=\"twitter:card\" content=\"summary_large_image\" \/>\n<meta name=\"twitter:label1\" content=\"Tiempo de lectura\" \/>\n\t<meta name=\"twitter:data1\" content=\"3 minutos\" \/>\n<script type=\"application\/ld+json\" class=\"yoast-schema-graph\">{\"@context\":\"https:\\\/\\\/schema.org\",\"@graph\":[{\"@type\":\"WebPage\",\"@id\":\"https:\\\/\\\/lejosdetodo.com\\\/es\\\/nuestra-historia\\\/\",\"url\":\"https:\\\/\\\/lejosdetodo.com\\\/es\\\/nuestra-historia\\\/\",\"name\":\"Lejos de Todo | Pensi\u00f3ns boutique cerca de Cerritos, Baja Sur\",\"isPartOf\":{\"@id\":\"https:\\\/\\\/lejosdetodo.com\\\/es\\\/#website\"},\"primaryImageOfPage\":{\"@id\":\"https:\\\/\\\/lejosdetodo.com\\\/es\\\/nuestra-historia\\\/#primaryimage\"},\"image\":{\"@id\":\"https:\\\/\\\/lejosdetodo.com\\\/es\\\/nuestra-historia\\\/#primaryimage\"},\"thumbnailUrl\":\"https:\\\/\\\/lejosdetodo.com\\\/wp-content\\\/uploads\\\/2026\\\/02\\\/family.webp\",\"datePublished\":\"2021-12-20T14:22:49+00:00\",\"dateModified\":\"2026-02-09T07:27:34+00:00\",\"description\":\"Escapa a Lejos De Todo, una pensi\u00f3n boutique familiar cerca de Cerritos, Baja Sur. Disfruta de atardeceres en el mar, comida de la granja a la mesa y un tranquilo aislamiento.\",\"breadcrumb\":{\"@id\":\"https:\\\/\\\/lejosdetodo.com\\\/es\\\/nuestra-historia\\\/#breadcrumb\"},\"inLanguage\":\"es\",\"potentialAction\":[{\"@type\":\"ReadAction\",\"target\":[\"https:\\\/\\\/lejosdetodo.com\\\/es\\\/nuestra-historia\\\/\"]}]},{\"@type\":\"ImageObject\",\"inLanguage\":\"es\",\"@id\":\"https:\\\/\\\/lejosdetodo.com\\\/es\\\/nuestra-historia\\\/#primaryimage\",\"url\":\"https:\\\/\\\/lejosdetodo.com\\\/wp-content\\\/uploads\\\/2026\\\/02\\\/family.webp\",\"contentUrl\":\"https:\\\/\\\/lejosdetodo.com\\\/wp-content\\\/uploads\\\/2026\\\/02\\\/family.webp\"},{\"@type\":\"BreadcrumbList\",\"@id\":\"https:\\\/\\\/lejosdetodo.com\\\/es\\\/nuestra-historia\\\/#breadcrumb\",\"itemListElement\":[{\"@type\":\"ListItem\",\"position\":1,\"name\":\"Home\",\"item\":\"https:\\\/\\\/lejosdetodo.com\\\/es\\\/\"},{\"@type\":\"ListItem\",\"position\":2,\"name\":\"Nuestra historia\"}]},{\"@type\":\"WebSite\",\"@id\":\"https:\\\/\\\/lejosdetodo.com\\\/es\\\/#website\",\"url\":\"https:\\\/\\\/lejosdetodo.com\\\/es\\\/\",\"name\":\"Lejos De Todo\",\"description\":\"Guest Home\",\"publisher\":{\"@id\":\"https:\\\/\\\/lejosdetodo.com\\\/es\\\/#organization\"},\"potentialAction\":[{\"@type\":\"SearchAction\",\"target\":{\"@type\":\"EntryPoint\",\"urlTemplate\":\"https:\\\/\\\/lejosdetodo.com\\\/es\\\/?s={search_term_string}\"},\"query-input\":{\"@type\":\"PropertyValueSpecification\",\"valueRequired\":true,\"valueName\":\"search_term_string\"}}],\"inLanguage\":\"es\"},{\"@type\":\"Organization\",\"@id\":\"https:\\\/\\\/lejosdetodo.com\\\/es\\\/#organization\",\"name\":\"Lejos De Todo\",\"url\":\"https:\\\/\\\/lejosdetodo.com\\\/es\\\/\",\"logo\":{\"@type\":\"ImageObject\",\"inLanguage\":\"es\",\"@id\":\"https:\\\/\\\/lejosdetodo.com\\\/es\\\/#\\\/schema\\\/logo\\\/image\\\/\",\"url\":\"https:\\\/\\\/lejosdetodo.com\\\/wp-content\\\/uploads\\\/2023\\\/07\\\/Logo_Rev5.jpg\",\"contentUrl\":\"https:\\\/\\\/lejosdetodo.com\\\/wp-content\\\/uploads\\\/2023\\\/07\\\/Logo_Rev5.jpg\",\"width\":320,\"height\":105,\"caption\":\"Lejos De Todo\"},\"image\":{\"@id\":\"https:\\\/\\\/lejosdetodo.com\\\/es\\\/#\\\/schema\\\/logo\\\/image\\\/\"}}]}<\/script>\n<!-- \/ Yoast SEO plugin. -->","yoast_head_json":{"title":"Lejos de Todo | Pensi\u00f3ns boutique cerca de Cerritos, Baja Sur","description":"Escapa a Lejos De Todo, una pensi\u00f3n boutique familiar cerca de Cerritos, Baja Sur. Disfruta de atardeceres en el mar, comida de la granja a la mesa y un tranquilo aislamiento.","robots":{"index":"index","follow":"follow","max-snippet":"max-snippet:-1","max-image-preview":"max-image-preview:large","max-video-preview":"max-video-preview:-1"},"canonical":"https:\/\/lejosdetodo.com\/es\/nuestra-historia\/","og_locale":"es_ES","og_type":"article","og_title":"Lejos de Todo | Pensi\u00f3ns boutique cerca de Cerritos, Baja Sur","og_description":"Escapa a Lejos De Todo, una pensi\u00f3n boutique familiar cerca de Cerritos, Baja Sur. Disfruta de atardeceres en el mar, comida de la granja a la mesa y un tranquilo aislamiento.","og_url":"https:\/\/lejosdetodo.com\/es\/nuestra-historia\/","og_site_name":"Lejos De Todo","article_modified_time":"2026-02-09T07:27:34+00:00","og_image":[{"url":"https:\/\/lejosdetodo.com\/wp-content\/uploads\/2026\/02\/family.webp","type":"","width":"","height":""}],"twitter_card":"summary_large_image","twitter_misc":{"Tiempo de lectura":"3 minutos"},"schema":{"@context":"https:\/\/schema.org","@graph":[{"@type":"WebPage","@id":"https:\/\/lejosdetodo.com\/es\/nuestra-historia\/","url":"https:\/\/lejosdetodo.com\/es\/nuestra-historia\/","name":"Lejos de Todo | Pensi\u00f3ns boutique cerca de Cerritos, Baja Sur","isPartOf":{"@id":"https:\/\/lejosdetodo.com\/es\/#website"},"primaryImageOfPage":{"@id":"https:\/\/lejosdetodo.com\/es\/nuestra-historia\/#primaryimage"},"image":{"@id":"https:\/\/lejosdetodo.com\/es\/nuestra-historia\/#primaryimage"},"thumbnailUrl":"https:\/\/lejosdetodo.com\/wp-content\/uploads\/2026\/02\/family.webp","datePublished":"2021-12-20T14:22:49+00:00","dateModified":"2026-02-09T07:27:34+00:00","description":"Escapa a Lejos De Todo, una pensi\u00f3n boutique familiar cerca de Cerritos, Baja Sur. Disfruta de atardeceres en el mar, comida de la granja a la mesa y un tranquilo aislamiento.","breadcrumb":{"@id":"https:\/\/lejosdetodo.com\/es\/nuestra-historia\/#breadcrumb"},"inLanguage":"es","potentialAction":[{"@type":"ReadAction","target":["https:\/\/lejosdetodo.com\/es\/nuestra-historia\/"]}]},{"@type":"ImageObject","inLanguage":"es","@id":"https:\/\/lejosdetodo.com\/es\/nuestra-historia\/#primaryimage","url":"https:\/\/lejosdetodo.com\/wp-content\/uploads\/2026\/02\/family.webp","contentUrl":"https:\/\/lejosdetodo.com\/wp-content\/uploads\/2026\/02\/family.webp"},{"@type":"BreadcrumbList","@id":"https:\/\/lejosdetodo.com\/es\/nuestra-historia\/#breadcrumb","itemListElement":[{"@type":"ListItem","position":1,"name":"Home","item":"https:\/\/lejosdetodo.com\/es\/"},{"@type":"ListItem","position":2,"name":"Nuestra historia"}]},{"@type":"WebSite","@id":"https:\/\/lejosdetodo.com\/es\/#website","url":"https:\/\/lejosdetodo.com\/es\/","name":"Lejos De Todo","description":"Guest Home","publisher":{"@id":"https:\/\/lejosdetodo.com\/es\/#organization"},"potentialAction":[{"@type":"SearchAction","target":{"@type":"EntryPoint","urlTemplate":"https:\/\/lejosdetodo.com\/es\/?s={search_term_string}"},"query-input":{"@type":"PropertyValueSpecification","valueRequired":true,"valueName":"search_term_string"}}],"inLanguage":"es"},{"@type":"Organization","@id":"https:\/\/lejosdetodo.com\/es\/#organization","name":"Lejos De Todo","url":"https:\/\/lejosdetodo.com\/es\/","logo":{"@type":"ImageObject","inLanguage":"es","@id":"https:\/\/lejosdetodo.com\/es\/#\/schema\/logo\/image\/","url":"https:\/\/lejosdetodo.com\/wp-content\/uploads\/2023\/07\/Logo_Rev5.jpg","contentUrl":"https:\/\/lejosdetodo.com\/wp-content\/uploads\/2023\/07\/Logo_Rev5.jpg","width":320,"height":105,"caption":"Lejos De Todo"},"image":{"@id":"https:\/\/lejosdetodo.com\/es\/#\/schema\/logo\/image\/"}}]}},"wps_subtitle":"","_links":{"self":[{"href":"https:\/\/lejosdetodo.com\/es\/wp-json\/wp\/v2\/pages\/3294","targetHints":{"allow":["GET"]}}],"collection":[{"href":"https:\/\/lejosdetodo.com\/es\/wp-json\/wp\/v2\/pages"}],"about":[{"href":"https:\/\/lejosdetodo.com\/es\/wp-json\/wp\/v2\/types\/page"}],"author":[{"embeddable":true,"href":"https:\/\/lejosdetodo.com\/es\/wp-json\/wp\/v2\/users\/1"}],"replies":[{"embeddable":true,"href":"https:\/\/lejosdetodo.com\/es\/wp-json\/wp\/v2\/comments?post=3294"}],"version-history":[{"count":6,"href":"https:\/\/lejosdetodo.com\/es\/wp-json\/wp\/v2\/pages\/3294\/revisions"}],"predecessor-version":[{"id":4431,"href":"https:\/\/lejosdetodo.com\/es\/wp-json\/wp\/v2\/pages\/3294\/revisions\/4431"}],"wp:attachment":[{"href":"https:\/\/lejosdetodo.com\/es\/wp-json\/wp\/v2\/media?parent=3294"}],"curies":[{"name":"wp","href":"https:\/\/api.w.org\/{rel}","templated":true}]}}